{"id":1003,"date":"2025-08-27T11:17:55","date_gmt":"2025-08-27T11:17:55","guid":{"rendered":"https:\/\/elen-ks.com\/?page_id=1003"},"modified":"2026-03-16T14:10:20","modified_gmt":"2026-03-16T14:10:20","slug":"privacy-policy","status":"publish","type":"page","link":"https:\/\/elen-ks.com\/sq\/privacy-policy\/","title":{"rendered":"Politika e Privat\u00ebsis\u00eb"},"content":{"rendered":"<div data-elementor-type=\"wp-page\" data-elementor-id=\"1003\" class=\"elementor elementor-1003\">\n\t\t\t\t<div class=\"elementor-element elementor-element-e11459e e-flex e-con-boxed e-con e-parent\" data-id=\"e11459e\" data-element_type=\"container\" data-e-type=\"container\">\n\t\t\t\t\t<div class=\"e-con-inner\">\n\t\t\t\t<div class=\"elementor-element elementor-element-fddbc0f elementor-widget elementor-widget-heading\" data-id=\"fddbc0f\" data-element_type=\"widget\" data-e-type=\"widget\" data-widget_type=\"heading.default\">\n\t\t\t\t<div class=\"elementor-widget-container\">\n\t\t\t\t\t<h1 class=\"elementor-heading-title elementor-size-default\">Politika e Privat\u00ebsis\u00eb - ELEN ENERGY SH.P.K.<\/h1>\t\t\t\t<\/div>\n\t\t\t\t<\/div>\n\t\t<div class=\"elementor-element elementor-element-8f18383 e-con-full e-flex e-con e-child\" data-id=\"8f18383\" data-element_type=\"container\" data-e-type=\"container\">\n\t\t\t\t<div class=\"elementor-element elementor-element-1bd7d1a elementor-widget elementor-widget-heading\" data-id=\"1bd7d1a\" data-element_type=\"widget\" data-e-type=\"widget\" data-widget_type=\"heading.default\">\n\t\t\t\t<div class=\"elementor-widget-container\">\n\t\t\t\t\t<h2 class=\"elementor-heading-title elementor-size-default\">1. Rreth Nesh<\/h2>\t\t\t\t<\/div>\n\t\t\t\t<\/div>\n\t\t\t\t<div class=\"elementor-element elementor-element-2bfcaab elementor-widget elementor-widget-text-editor\" data-id=\"2bfcaab\" data-element_type=\"widget\" data-e-type=\"widget\" data-widget_type=\"text-editor.default\">\n\t\t\t\t<div class=\"elementor-widget-container\">\n\t\t\t\t\t\t\t\t\t<p>Elen Energy sh.p.k. ('Elen Energy', 'ne', 'kompania jon\u00eb') me seli n\u00eb Prishtin\u00eb, Kosov\u00eb, \u00ebsht\u00eb\nangazhuar plot\u00ebsisht p\u00ebr mbrojtjen e privat\u00ebsis\u00eb dhe t\u00eb dh\u00ebnave personale t\u00eb t\u00eb gjith\u00eb\nvizitor\u00ebve dhe p\u00ebrdoruesve t\u00eb ueb-faqes elen-ks.com ('Ueb-faqja').<br \/><br data-start=\"243\" data-end=\"246\" \/>Kjo Politik\u00eb Privat\u00ebsie shpjegon se cilat t\u00eb dh\u00ebna personale mbledhim, si i p\u00ebrdorim ato, si i\nmbrojm\u00eb dhe cilat jan\u00eb t\u00eb drejtat tuaja sipas Ligjit Nr. 06\/L-082 p\u00ebr Mbrojtjen e t\u00eb Dh\u00ebnave\nPersonale t\u00eb Republik\u00ebs s\u00eb Kosov\u00ebs dhe rregullativ\u00ebs GDPR t\u00eb Bashkimit Evropian.<\/p>\t\t\t\t\t\t\t\t<\/div>\n\t\t\t\t<\/div>\n\t\t\t\t<\/div>\n\t\t<div class=\"elementor-element elementor-element-13c17ed e-con-full e-flex e-con e-child\" data-id=\"13c17ed\" data-element_type=\"container\" data-e-type=\"container\">\n\t\t\t\t<div class=\"elementor-element elementor-element-9f97a7f elementor-widget elementor-widget-heading\" data-id=\"9f97a7f\" data-element_type=\"widget\" data-e-type=\"widget\" data-widget_type=\"heading.default\">\n\t\t\t\t<div class=\"elementor-widget-container\">\n\t\t\t\t\t<h2 class=\"elementor-heading-title elementor-size-default\">2. Data Controller<\/h2>\t\t\t\t<\/div>\n\t\t\t\t<\/div>\n\t\t\t\t<div class=\"elementor-element elementor-element-4611dd9 elementor-widget elementor-widget-text-editor\" data-id=\"4611dd9\" data-element_type=\"widget\" data-e-type=\"widget\" data-widget_type=\"text-editor.default\">\n\t\t\t\t<div class=\"elementor-widget-container\">\n\t\t\t\t\t\t\t\t\t<ul><li><strong>Kompania:\u00a0<\/strong>Elen Energy SH.P.K<\/li><li><strong>Adresa:<\/strong> Prishtin\u00eb, Kosov\u00eb<\/li><li><strong>E-mail:\u00a0<\/strong><a href=\"mailto:info@elen-ks.com\">info@elen-ks.com<\/a><\/li><li><strong>Ueb-faqja:\u00a0<\/strong><a href=\"https:\/\/elen-ks.com\/sq\/\">elen-ks.com<\/a><\/li><\/ul>\t\t\t\t\t\t\t\t<\/div>\n\t\t\t\t<\/div>\n\t\t\t\t<\/div>\n\t\t<div class=\"elementor-element elementor-element-c68dd12 e-con-full e-flex e-con e-child\" data-id=\"c68dd12\" data-element_type=\"container\" data-e-type=\"container\">\n\t\t\t\t<div class=\"elementor-element elementor-element-b1398ac elementor-widget elementor-widget-heading\" data-id=\"b1398ac\" data-element_type=\"widget\" data-e-type=\"widget\" data-widget_type=\"heading.default\">\n\t\t\t\t<div class=\"elementor-widget-container\">\n\t\t\t\t\t<h2 class=\"elementor-heading-title elementor-size-default\">3. T\u00eb Dh\u00ebnat q\u00eb Mbledhim<\/h2>\t\t\t\t<\/div>\n\t\t\t\t<\/div>\n\t\t\t\t<div class=\"elementor-element elementor-element-44e7c06 elementor-widget elementor-widget-text-editor\" data-id=\"44e7c06\" data-element_type=\"widget\" data-e-type=\"widget\" data-widget_type=\"text-editor.default\">\n\t\t\t\t<div class=\"elementor-widget-container\">\n\t\t\t\t\t\t\t\t\t<p data-start=\"1144\" data-end=\"1172\">3.1 T\u00eb dh\u00ebna q\u00eb ju jepni drejtp\u00ebrdrejt<\/p><ul data-start=\"1174\" data-end=\"1523\"><li data-start=\"1174\" data-end=\"1307\"><p data-start=\"1177\" data-end=\"1307\"><strong>Emri dhe mbiemri<\/strong> - kur plot\u00ebsoni formularin e kontaktit<\/p><\/li><li data-start=\"1308\" data-end=\"1347\"><p data-start=\"1311\" data-end=\"1347\"><strong>Adresa e e-mailit <\/strong>- p\u00ebr komunikim dhe kthim p\u00ebrgjigje<\/p><\/li><li data-start=\"1348\" data-end=\"1421\"><p data-start=\"1351\" data-end=\"1421\"><strong>Numri i telefonit <\/strong>- n\u00ebse e specifikoni n\u00eb formular<\/p><\/li><li data-start=\"1422\" data-end=\"1470\"><p data-start=\"1425\" data-end=\"1470\"><strong>Emri i kompanis\u00eb<\/strong> - n\u00ebse jeni klient apo partner biznesi<\/p><\/li><li data-start=\"1471\" data-end=\"1523\"><p data-start=\"1474\" data-end=\"1523\"><strong>Mesazhi dhe t\u00eb dh\u00ebnat e tjera t\u00eb dor\u00ebzuara lirisht nga ju<\/strong><\/p><\/li><\/ul><p data-start=\"1144\" data-end=\"1172\">3.2 T\u00eb dh\u00ebna q\u00eb mblidhen automatikisht<\/p><ul data-start=\"1174\" data-end=\"1523\"><li data-start=\"1174\" data-end=\"1307\"><p data-start=\"1177\" data-end=\"1307\"><strong>Adresa IP e pajisjes suaj<\/strong><\/p><\/li><li data-start=\"1308\" data-end=\"1347\"><p data-start=\"1311\" data-end=\"1347\"><strong>Lloji dhe versioni i shfletuesit t\u00eb internetit<\/strong><\/p><\/li><li data-start=\"1348\" data-end=\"1421\"><p data-start=\"1351\" data-end=\"1421\"><strong>Sistemi operativ i pajisjes<\/strong><\/p><\/li><li data-start=\"1422\" data-end=\"1470\"><p data-start=\"1425\" data-end=\"1470\"><strong>Faqet e vizituara dhe koha e vizit\u00ebs (via Google Analytics)<\/strong>\u00a0<\/p><\/li><li data-start=\"1471\" data-end=\"1523\"><p data-start=\"1474\" data-end=\"1523\"><strong>Burimi nga ku keni ardhur n\u00eb faqen ton\u00eb (referral source)<\/strong><\/p><\/li><li data-start=\"1471\" data-end=\"1523\"><p data-start=\"1474\" data-end=\"1523\"><strong style=\"font-size: 20.327px; letter-spacing: -0.1px;\">T\u00eb dh\u00ebna nga Facebook Pixel \u2014 vet\u00ebm n\u00ebse cookies jan\u00eb pranuar<\/strong><\/p><\/li><\/ul>\t\t\t\t\t\t\t\t<\/div>\n\t\t\t\t<\/div>\n\t\t\t\t<\/div>\n\t\t<div class=\"elementor-element elementor-element-8ac9dca e-con-full e-flex e-con e-child\" data-id=\"8ac9dca\" data-element_type=\"container\" data-e-type=\"container\">\n\t\t\t\t<div class=\"elementor-element elementor-element-8529172 elementor-widget elementor-widget-heading\" data-id=\"8529172\" data-element_type=\"widget\" data-e-type=\"widget\" data-widget_type=\"heading.default\">\n\t\t\t\t<div class=\"elementor-widget-container\">\n\t\t\t\t\t<h2 class=\"elementor-heading-title elementor-size-default\">4. Q\u00ebllimi dhe Baza Ligjore e P\u00ebrpunimit<\/h2>\t\t\t\t<\/div>\n\t\t\t\t<\/div>\n\t\t\t\t<div class=\"elementor-element elementor-element-28d84a4 elementor-widget elementor-widget-text-editor\" data-id=\"28d84a4\" data-element_type=\"widget\" data-e-type=\"widget\" data-widget_type=\"text-editor.default\">\n\t\t\t\t<div class=\"elementor-widget-container\">\n\t\t\t\t\t\t\t\t\t<p>Ne mund t\u00eb p\u00ebrpunojm\u00eb: emrin e mbiemrin, adres\u00ebn e email-it, numrin e telefonit dhe mesazhin tuaj p\u00ebr t'iu p\u00ebrgjigjur formularit t\u00eb kontaktit mbi baz\u00ebn ligjore legjitime.<\/p><p>Ne mund t\u00eb p\u00ebrpunojm\u00eb: IP-n\u00eb tuaj, cookies dhe p\u00ebrdorimin e faqes p\u00ebr t\u00eb analizuar trafikun e faqes mbi baz\u00ebn e politik\u00ebs son\u00eb t\u00eb cookies.<\/p><p>Ne mund t\u00eb p\u00ebrpunojm\u00eb t\u00eb dh\u00ebna nga Facebook Pixel dhe Google Ads p\u00ebr marketing digjital mbi baz\u00ebn e politik\u00ebs son\u00eb t\u00eb cookies<\/p><p>Ne mund t\u00eb p\u00ebrpunojm\u00eb adres\u00ebn tuaj IP dhe logjet p\u00ebr interesa legjitime.\u00a0<\/p><p>Ne mund t\u00eb p\u00ebrpunojm\u00eb \u00e7do t\u00eb dh\u00ebn\u00eb q\u00eb k\u00ebrkohet nga detyrimi ligjor.<\/p>\t\t\t\t\t\t\t\t<\/div>\n\t\t\t\t<\/div>\n\t\t\t\t<\/div>\n\t\t<div class=\"elementor-element elementor-element-8284c9c e-con-full e-flex e-con e-child\" data-id=\"8284c9c\" data-element_type=\"container\" data-e-type=\"container\">\n\t\t\t\t<div class=\"elementor-element elementor-element-b16bde3 elementor-widget elementor-widget-heading\" data-id=\"b16bde3\" data-element_type=\"widget\" data-e-type=\"widget\" data-widget_type=\"heading.default\">\n\t\t\t\t<div class=\"elementor-widget-container\">\n\t\t\t\t\t<h2 class=\"elementor-heading-title elementor-size-default\">5. Cookies<\/h2>\t\t\t\t<\/div>\n\t\t\t\t<\/div>\n\t\t\t\t<div class=\"elementor-element elementor-element-0d061a7 elementor-widget elementor-widget-text-editor\" data-id=\"0d061a7\" data-element_type=\"widget\" data-e-type=\"widget\" data-widget_type=\"text-editor.default\">\n\t\t\t\t<div class=\"elementor-widget-container\">\n\t\t\t\t\t\t\t\t\t<p data-start=\"2093\" data-end=\"2190\">Ne p\u00ebrdorim cookies p\u00ebr t\u00eb b\u00ebr\u00eb q\u00eb faqja jon\u00eb t\u00eb funksionoj\u00eb pa probleme dhe p\u00ebr t\u2019ju ofruar p\u00ebrvoj\u00ebn m\u00eb t\u00eb mir\u00eb t\u00eb shfletimit. Mund t\u00eb menaxhoni k\u00ebto preferenca kur vizitoni faqen ton\u00eb p\u00ebr her\u00eb t\u00eb par\u00eb. P\u00ebr m\u00eb shum\u00eb informacion, ju lutemi referojuni <a href=\"https:\/\/elen-ks.com\/sq\/cookies-policy\/\">Politik\u00ebs p\u00ebr Cookies.<\/a><\/p>\t\t\t\t\t\t\t\t<\/div>\n\t\t\t\t<\/div>\n\t\t\t\t<\/div>\n\t\t<div class=\"elementor-element elementor-element-b1195f4 e-con-full e-flex e-con e-child\" data-id=\"b1195f4\" data-element_type=\"container\" data-e-type=\"container\">\n\t\t\t\t<div class=\"elementor-element elementor-element-8ce8ca2 elementor-widget elementor-widget-heading\" data-id=\"8ce8ca2\" data-element_type=\"widget\" data-e-type=\"widget\" data-widget_type=\"heading.default\">\n\t\t\t\t<div class=\"elementor-widget-container\">\n\t\t\t\t\t<h2 class=\"elementor-heading-title elementor-size-default\">6. Ndarja e t\u00eb Dh\u00ebnave me Pal\u00eb t\u00eb Treta<\/h2>\t\t\t\t<\/div>\n\t\t\t\t<\/div>\n\t\t\t\t<div class=\"elementor-element elementor-element-9439f15 elementor-widget elementor-widget-text-editor\" data-id=\"9439f15\" data-element_type=\"widget\" data-e-type=\"widget\" data-widget_type=\"text-editor.default\">\n\t\t\t\t<div class=\"elementor-widget-container\">\n\t\t\t\t\t\t\t\t\t<p data-start=\"2905\" data-end=\"2963\">Elen Energy nuk shet dhe nuk jep qira t\u00eb dh\u00ebnat personale t\u00eb vizitor\u00ebve. Mund t'i ndajm\u00eb t\u00eb\ndh\u00ebnat vet\u00ebm me:<\/p><ol data-start=\"2965\" data-end=\"3198\"><li data-start=\"2965\" data-end=\"3033\"><p data-start=\"2968\" data-end=\"3033\">Google LLC &#8211; Google Analytics, Google Ads<\/p><\/li><li data-start=\"3034\" data-end=\"3105\"><p data-start=\"3037\" data-end=\"3105\">Meta Platforms Inc. &#8211; Facebook Pixel<\/p><\/li><li data-start=\"3106\" data-end=\"3138\"><p data-start=\"3109\" data-end=\"3138\">Ofruesit e sh\u00ebrbimeve hosting \u2014 vet\u00ebm p\u00ebr mir\u00ebfunksionimin teknik<\/p><\/li><li data-start=\"3139\" data-end=\"3198\"><p data-start=\"3142\" data-end=\"3198\">Autoritete ligjore ose rregullatore kur k\u00ebrkohet me ligj.<\/p><\/li><\/ol><p data-start=\"3200\" data-end=\"3318\">T\u00eb gjitha pal\u00ebt e treta jan\u00eb t\u00eb detyruara t\u00eb p\u00ebrpunojn\u00eb t\u00eb dh\u00ebnat n\u00eb p\u00ebrputhje me ligjet dhe vet\u00ebm p\u00ebr q\u00ebllimet e p\u00ebrcaktuara.<\/p>\t\t\t\t\t\t\t\t<\/div>\n\t\t\t\t<\/div>\n\t\t\t\t<\/div>\n\t\t<div class=\"elementor-element elementor-element-7e535fa e-con-full e-flex e-con e-child\" data-id=\"7e535fa\" data-element_type=\"container\" data-e-type=\"container\">\n\t\t\t\t<div class=\"elementor-element elementor-element-3c8ef8f elementor-widget elementor-widget-heading\" data-id=\"3c8ef8f\" data-element_type=\"widget\" data-e-type=\"widget\" data-widget_type=\"heading.default\">\n\t\t\t\t<div class=\"elementor-widget-container\">\n\t\t\t\t\t<h2 class=\"elementor-heading-title elementor-size-default\">7. Transferimi Nd\u00ebrkomb\u00ebtar i t\u00eb Dh\u00ebnave<\/h2>\t\t\t\t<\/div>\n\t\t\t\t<\/div>\n\t\t\t\t<div class=\"elementor-element elementor-element-8435698 elementor-widget elementor-widget-text-editor\" data-id=\"8435698\" data-element_type=\"widget\" data-e-type=\"widget\" data-widget_type=\"text-editor.default\">\n\t\t\t\t<div class=\"elementor-widget-container\">\n\t\t\t\t\t\t\t\t\t<p data-start=\"3337\" data-end=\"3377\">Disa ofrues sh\u00ebrbimesh (Google, Meta) mund t'i procesojn\u00eb t\u00eb dh\u00ebnat jasht\u00eb territorit t\u00eb\nKosov\u00ebs dhe BE-s\u00eb. K\u00ebto transferime b\u00ebhen me baz\u00eb juridike adekuate (Klauzolat\nStandarde Kontraktuale t\u00eb BE-s\u00eb, vendimi i p\u00ebrshtatshm\u00ebris\u00eb etj.).<\/p>\t\t\t\t\t\t\t\t<\/div>\n\t\t\t\t<\/div>\n\t\t\t\t<\/div>\n\t\t<div class=\"elementor-element elementor-element-32e2aa9 e-con-full e-flex e-con e-child\" data-id=\"32e2aa9\" data-element_type=\"container\" data-e-type=\"container\">\n\t\t\t\t<div class=\"elementor-element elementor-element-5d567d2 elementor-widget elementor-widget-heading\" data-id=\"5d567d2\" data-element_type=\"widget\" data-e-type=\"widget\" data-widget_type=\"heading.default\">\n\t\t\t\t<div class=\"elementor-widget-container\">\n\t\t\t\t\t<h2 class=\"elementor-heading-title elementor-size-default\">8. Periudha e Ruajtjes<\/h2>\t\t\t\t<\/div>\n\t\t\t\t<\/div>\n\t\t\t\t<div class=\"elementor-element elementor-element-84e97fd elementor-widget elementor-widget-text-editor\" data-id=\"84e97fd\" data-element_type=\"widget\" data-e-type=\"widget\" data-widget_type=\"text-editor.default\">\n\t\t\t\t<div class=\"elementor-widget-container\">\n\t\t\t\t\t\t\t\t\t<ol data-start=\"4043\" data-end=\"4210\"><li data-start=\"4043\" data-end=\"4097\"><p data-start=\"4046\" data-end=\"4097\">T\u00eb dh\u00ebnat e formularit t\u00eb kontaktit \u2014 deri 2 vjet pas kontaktit t\u00eb fundit<\/p><\/li><li data-start=\"4098\" data-end=\"4144\"><p data-start=\"4101\" data-end=\"4144\">T\u00eb dh\u00ebnat e cookies analitike (Google Analytics) \u2014 26 muaj<\/p><\/li><li data-start=\"4145\" data-end=\"4210\"><p data-start=\"4148\" data-end=\"4210\">Logjet e serverit \u2014 12 muaj<\/p><\/li><li data-start=\"4145\" data-end=\"4210\"><p data-start=\"4148\" data-end=\"4210\"><span style=\"font-size: 20.327px; letter-spacing: -0.1px;\">T\u00eb dh\u00ebnat e transaksioneve \u2014 sipas detyrimeve ligjore (7 vjet)<\/span><\/p><\/li><\/ol>\t\t\t\t\t\t\t\t<\/div>\n\t\t\t\t<\/div>\n\t\t\t\t<\/div>\n\t\t<div class=\"elementor-element elementor-element-f613e09 e-con-full e-flex e-con e-child\" data-id=\"f613e09\" data-element_type=\"container\" data-e-type=\"container\">\n\t\t\t\t<div class=\"elementor-element elementor-element-329b35f elementor-widget elementor-widget-heading\" data-id=\"329b35f\" data-element_type=\"widget\" data-e-type=\"widget\" data-widget_type=\"heading.default\">\n\t\t\t\t<div class=\"elementor-widget-container\">\n\t\t\t\t\t<h2 class=\"elementor-heading-title elementor-size-default\">9. T\u00eb Drejtat Tuaja<\/h2>\t\t\t\t<\/div>\n\t\t\t\t<\/div>\n\t\t\t\t<div class=\"elementor-element elementor-element-3d9cebf elementor-widget elementor-widget-text-editor\" data-id=\"3d9cebf\" data-element_type=\"widget\" data-e-type=\"widget\" data-widget_type=\"text-editor.default\">\n\t\t\t\t<div class=\"elementor-widget-container\">\n\t\t\t\t\t\t\t\t\t<p data-start=\"4236\" data-end=\"4288\">Si subjekt i t\u00eb dh\u00ebnave, keni t\u00eb drejtat e m\u00ebposhtme sipas Ligjit Nr. 06\/L-082 dhe GDPR t\u00eb BE-s\u00eb:<\/p>\n<ul data-start=\"4290\" data-end=\"4388\">\n<li data-start=\"4290\" data-end=\"4316\">\n<p data-start=\"4293\" data-end=\"4316\"><strong data-start=\"145\" data-end=\"164\">E drejta e qasjes<\/strong> \u2014 t\u00eb merrni kopje t\u00eb t\u00eb dh\u00ebnave tuaja personale<\/p>\n<\/li>\n<li data-start=\"4317\" data-end=\"4348\">\n<p data-start=\"4320\" data-end=\"4348\"><strong data-start=\"211\" data-end=\"237\">E drejta e korrigjimit<\/strong> \u2014 t\u00eb korrigjoni t\u00eb dh\u00ebna t\u00eb pasakta ose jo t\u00eb plota<\/p>\n<\/li>\n<li data-start=\"4317\" data-end=\"4348\">\n<p data-start=\"4320\" data-end=\"4348\"><strong>E drejta e fshirjes ('e drejta p\u00ebr t'u harruar')<\/strong><\/p>\n<\/li>\n<li data-start=\"4349\" data-end=\"4388\">\n<p data-start=\"4352\" data-end=\"4388\"><strong>E drejta e kufizimit t\u00eb p\u00ebrpunimit<\/strong><\/p>\n<\/li>\n<li data-start=\"4349\" data-end=\"4388\">\n<p data-start=\"4352\" data-end=\"4388\"><strong>E drejta e kund\u00ebrshtimit ndaj p\u00ebrpunimit<\/strong><\/p>\n<\/li>\n<li data-start=\"4349\" data-end=\"4388\">\n<p data-start=\"4352\" data-end=\"4388\"><strong>E drejta e portabilitetit t\u00eb t\u00eb dh\u00ebnave<\/strong><\/p><\/li><li data-start=\"4349\" data-end=\"4388\"><p data-start=\"4352\" data-end=\"4388\"><strong data-start=\"451\" data-end=\"480\" style=\"font-size: 20.327px; letter-spacing: -0.1px;\">E drejta e t\u00ebrheqjes s\u00eb p\u00eblqimit<\/strong><span style=\"font-size: 20.327px; letter-spacing: -0.1px;\"> \u2014 n\u00eb \u00e7do koh\u00eb, pa pasoja negative<\/span><\/p><\/li>\n<\/ul>\n<p data-start=\"4390\" data-end=\"4434\">P\u00ebr ushtrimin e k\u00ebtyre t\u00eb drejtave, na kontaktoni n\u00eb: <strong data-start=\"577\" data-end=\"597\" data-is-last-node=\"\"><a class=\"decorated-link cursor-pointer\" href=\"mailto:info@elen-ks.com\" rel=\"noopener\" data-start=\"579\" data-end=\"595\">info@elen-ks.com<\/a><\/strong><\/p>\t\t\t\t\t\t\t\t<\/div>\n\t\t\t\t<\/div>\n\t\t\t\t<\/div>\n\t\t<div class=\"elementor-element elementor-element-bf23d14 e-con-full e-flex e-con e-child\" data-id=\"bf23d14\" data-element_type=\"container\" data-e-type=\"container\">\n\t\t\t\t<div class=\"elementor-element elementor-element-6a719be elementor-widget elementor-widget-heading\" data-id=\"6a719be\" data-element_type=\"widget\" data-e-type=\"widget\" data-widget_type=\"heading.default\">\n\t\t\t\t<div class=\"elementor-widget-container\">\n\t\t\t\t\t<h2 class=\"elementor-heading-title elementor-size-default\">10. Siguria e t\u00eb Dh\u00ebnave<\/h2>\t\t\t\t<\/div>\n\t\t\t\t<\/div>\n\t\t\t\t<div class=\"elementor-element elementor-element-5c20e51 elementor-widget elementor-widget-text-editor\" data-id=\"5c20e51\" data-element_type=\"widget\" data-e-type=\"widget\" data-widget_type=\"text-editor.default\">\n\t\t\t\t<div class=\"elementor-widget-container\">\n\t\t\t\t\t\t\t\t\t<p data-start=\"4460\" data-end=\"4491\">Elen Energy zbaton masa teknike dhe organizative p\u00ebr mbrojtjen e t\u00eb dh\u00ebnave personale,\nduke p\u00ebrfshir\u00eb enkriptimin SSL\/TLS t\u00eb komunikimit, akses t\u00eb kufizuar t\u00eb personelit dhe\nauditim periodik t\u00eb sistemeve.<\/p>\t\t\t\t\t\t\t\t<\/div>\n\t\t\t\t<\/div>\n\t\t\t\t<\/div>\n\t\t<div class=\"elementor-element elementor-element-edc053e e-con-full e-flex e-con e-child\" data-id=\"edc053e\" data-element_type=\"container\" data-e-type=\"container\">\n\t\t\t\t<div class=\"elementor-element elementor-element-1bfa8f0 elementor-widget elementor-widget-heading\" data-id=\"1bfa8f0\" data-element_type=\"widget\" data-e-type=\"widget\" data-widget_type=\"heading.default\">\n\t\t\t\t<div class=\"elementor-widget-container\">\n\t\t\t\t\t<h2 class=\"elementor-heading-title elementor-size-default\">11. Ndryshimet n\u00eb Politik\u00eb<\/h2>\t\t\t\t<\/div>\n\t\t\t\t<\/div>\n\t\t\t\t<div class=\"elementor-element elementor-element-ccb93c7 elementor-widget elementor-widget-text-editor\" data-id=\"ccb93c7\" data-element_type=\"widget\" data-e-type=\"widget\" data-widget_type=\"text-editor.default\">\n\t\t\t\t<div class=\"elementor-widget-container\">\n\t\t\t\t\t\t\t\t\t<p data-start=\"4460\" data-end=\"4491\">Elen Energy rezervon t\u00eb drejt\u00ebn t\u00eb ndryshoj\u00eb k\u00ebt\u00eb politik\u00eb. \u00c7do ndryshim material do t\u00eb\nnjoftohet qart\u00eb n\u00eb ueb-faqe. Ju rekomandojm\u00eb t\u00eb rishikoni periodikisht k\u00ebt\u00eb faqe.<\/p>\t\t\t\t\t\t\t\t<\/div>\n\t\t\t\t<\/div>\n\t\t\t\t<\/div>\n\t\t<div class=\"elementor-element elementor-element-301f883 e-con-full e-flex e-con e-child\" data-id=\"301f883\" data-element_type=\"container\" data-e-type=\"container\">\n\t\t\t\t<div class=\"elementor-element elementor-element-69f3df7 elementor-widget elementor-widget-heading\" data-id=\"69f3df7\" data-element_type=\"widget\" data-e-type=\"widget\" data-widget_type=\"heading.default\">\n\t\t\t\t<div class=\"elementor-widget-container\">\n\t\t\t\t\t<h2 class=\"elementor-heading-title elementor-size-default\">12. Autoriteti Mbik\u00ebqyr\u00ebs \u2014 AIP Kosov\u00eb<\/h2>\t\t\t\t<\/div>\n\t\t\t\t<\/div>\n\t\t\t\t<div class=\"elementor-element elementor-element-1129f49 elementor-widget elementor-widget-text-editor\" data-id=\"1129f49\" data-element_type=\"widget\" data-e-type=\"widget\" data-widget_type=\"text-editor.default\">\n\t\t\t\t<div class=\"elementor-widget-container\">\n\t\t\t\t\t\t\t\t\t<p data-start=\"4460\" data-end=\"4491\">N\u00ebse konsideroni se t\u00eb drejtat tuaja jan\u00eb shkelur, keni t\u00eb drejt\u00eb t\u00eb paraqisni ankes\u00eb pran\u00eb\nAgjencis\u00eb p\u00ebr Informim dhe Privat\u00ebsi (AIP):<\/p><ul><li data-section-id=\"wz341a\" data-start=\"181\" data-end=\"217\"><p data-start=\"183\" data-end=\"217\"><strong data-start=\"183\" data-end=\"195\">Ueb-faqja:<\/strong> <a class=\"decorated-link\" href=\"http:\/\/www.aip.rks-gov.net\" target=\"_new\" rel=\"noopener\" data-start=\"196\" data-end=\"215\">www.aip.rks-gov.net<\/a><\/p><\/li><li data-section-id=\"87e5z7\" data-start=\"218\" data-end=\"252\" data-is-last-node=\"\"><p data-start=\"220\" data-end=\"252\" data-is-last-node=\"\"><strong data-start=\"220\" data-end=\"231\">E-mail:<\/strong> <a class=\"decorated-link cursor-pointer\" href=\"mailto:info@aip.rks-gov.net\" rel=\"noopener\" data-start=\"232\" data-end=\"252\" data-is-last-node=\"\">info@aip.rks-gov.net<\/a><\/p><\/li><\/ul>\t\t\t\t\t\t\t\t<\/div>\n\t\t\t\t<\/div>\n\t\t\t\t<\/div>\n\t\t<div class=\"elementor-element elementor-element-c752284 e-con-full e-flex e-con e-child\" data-id=\"c752284\" data-element_type=\"container\" data-e-type=\"container\">\n\t\t\t\t<div class=\"elementor-element elementor-element-b20db51 elementor-widget elementor-widget-heading\" data-id=\"b20db51\" data-element_type=\"widget\" data-e-type=\"widget\" data-widget_type=\"heading.default\">\n\t\t\t\t<div class=\"elementor-widget-container\">\n\t\t\t\t\t<h2 class=\"elementor-heading-title elementor-size-default\">13. Si t\u00eb Na Kontaktoni<\/h2>\t\t\t\t<\/div>\n\t\t\t\t<\/div>\n\t\t\t\t<div class=\"elementor-element elementor-element-a086679 elementor-widget elementor-widget-text-editor\" data-id=\"a086679\" data-element_type=\"widget\" data-e-type=\"widget\" data-widget_type=\"text-editor.default\">\n\t\t\t\t<div class=\"elementor-widget-container\">\n\t\t\t\t\t\t\t\t\t<p data-start=\"4460\" data-end=\"4491\"><strong data-start=\"5186\" data-end=\"5207\">Elen Energy L.L.C<\/strong><br data-start=\"5207\" data-end=\"5210\" \/>Address: Prishtina 10000, Kosovo<br data-start=\"5264\" data-end=\"5267\" \/>Email: <strong data-start=\"5274\" data-end=\"5294\"><a class=\"decorated-link cursor-pointer\" rel=\"noopener\" data-start=\"5276\" data-end=\"5292\">info@elen-ks.com<\/a><\/strong><\/p>\t\t\t\t\t\t\t\t<\/div>\n\t\t\t\t<\/div>\n\t\t\t\t<\/div>\n\t\t\t\t\t<\/div>\n\t\t\t\t<\/div>\n\t\t\t\t<\/div>","protected":false},"excerpt":{"rendered":"<p>Privacy Policy \u2013 ELEN ENERGY L.L.C 1. About Us Elen Energy sh.p.k. (\u201cElen Energy,\u201d \u201cwe,\u201d \u201cour company\u201d), based in Pristina, Kosovo, is fully committed to protecting the privacy and personal data of all visitors and users of the website elen-ks.com (\u201cWebsite\u201d).This Privacy Policy explains which personal data we collect, how we use it, how we [&hellip;]<\/p>\n","protected":false},"author":1,"featured_media":0,"parent":0,"menu_order":0,"comment_status":"closed","ping_status":"closed","template":"","meta":{"_acf_changed":false,"footnotes":""},"class_list":["post-1003","page","type-page","status-publish","hentry"],"acf":[],"_links":{"self":[{"href":"https:\/\/elen-ks.com\/sq\/wp-json\/wp\/v2\/pages\/1003","targetHints":{"allow":["GET"]}}],"collection":[{"href":"https:\/\/elen-ks.com\/sq\/wp-json\/wp\/v2\/pages"}],"about":[{"href":"https:\/\/elen-ks.com\/sq\/wp-json\/wp\/v2\/types\/page"}],"author":[{"embeddable":true,"href":"https:\/\/elen-ks.com\/sq\/wp-json\/wp\/v2\/users\/1"}],"replies":[{"embeddable":true,"href":"https:\/\/elen-ks.com\/sq\/wp-json\/wp\/v2\/comments?post=1003"}],"version-history":[{"count":34,"href":"https:\/\/elen-ks.com\/sq\/wp-json\/wp\/v2\/pages\/1003\/revisions"}],"predecessor-version":[{"id":1098,"href":"https:\/\/elen-ks.com\/sq\/wp-json\/wp\/v2\/pages\/1003\/revisions\/1098"}],"wp:attachment":[{"href":"https:\/\/elen-ks.com\/sq\/wp-json\/wp\/v2\/media?parent=1003"}],"curies":[{"name":"wp","href":"https:\/\/api.w.org\/{rel}","templated":true}]}}